{"id":1555,"date":"2020-08-27T21:53:42","date_gmt":"2020-08-27T21:53:42","guid":{"rendered":"http:\/\/westower.paperleaftest.com\/services\/"},"modified":"2025-05-07T12:40:54","modified_gmt":"2025-05-07T18:40:54","slug":"services","status":"publish","type":"page","link":"https:\/\/westower.ca\/fr\/services\/","title":{"rendered":"Services"},"content":{"rendered":"<section class=\"intro-content-block bg-dark-blue\">\n    <div class=\"container\">\n        <div class=\"row\">\n                            <div class=\"left-col col-12 col-md-5\">\n                    <h1 class=\"small-heading\">Services<\/h1>\n                <\/div><!-- .col-12 -->\n\n                <div class=\"right-col col-12 col-md-7\">\n                    <h2 class=\"title-4 large-heading\">Solutions de service cl\u00e9 en main<\/h2>\n                    <p>WesTower offre une gamme compl\u00e8te de services d\u2019ing\u00e9nierie, conception, fabrication, chantier de construction, gestion de projet et de maintenance continue pour l\u2019industrie de la t\u00e9l\u00e9communication. Notre \u00e9quipe est capable d\u2019adapter enti\u00e8rement l\u2019exp\u00e9rience de fa\u00e7on \u00e0 fournir l\u2019expertise et de faire de votre projet un succ\u00e8s.<\/p>\n\n                <\/div><!-- .col-12 -->\n            \n        <\/div><!-- .row -->\n    <\/div><!-- .container -->\n<\/section><!-- .intro-content-block -->\n\n<section class=\"content-reveal-block\">\n    <div class=\"container\">\n        <div class=\"row\">\n            <div class=\"col-12 col-md-5 offset-md-1 numbered-items-list\">\n                                <span class=\"reveal-label\">\n                    S\u00e9lectionnez un service                <\/span><!-- .reveal-label -->\n                                    <a href=\"http:\/\/westower.ca\/fr\/services\/wireless-construction-and-maintenance\/\" class=\"numbered-item numbered-item-active\"\n            data-target=\"#construction-et-maintenance-sans-fil\">\n        Construction et maintenance sans fil\n    <\/a>\n                                    <a href=\"http:\/\/westower.ca\/fr\/services\/wireline-construction\/\" class=\"numbered-item \"\n            data-target=\"#construction-et-maintenance-filaire\">\n        Construction et maintenance filaire\n    <\/a>\n                                    <a href=\"http:\/\/westower.ca\/fr\/services\/engineering-and-design\/\" class=\"numbered-item \"\n            data-target=\"#services-professionnels\">\n        Services professionnels\n    <\/a>\n                                    <a href=\"http:\/\/westower.ca\/fr\/services\/technical-services\/\" class=\"numbered-item \"\n            data-target=\"#services-techniques\">\n        Services techniques\n    <\/a>\n                                    <a href=\"http:\/\/westower.ca\/fr\/services\/fabrication\/\" class=\"numbered-item \"\n            data-target=\"#fabrication\">\n        Fabrication\n    <\/a>\n                            <\/div><!-- .col-12 -->\n            <div class=\"col-12 col-md-5 content-reveal-content\">\n                                    <article id=\"construction-et-maintenance-sans-fil\"\n         class=\"content-reveal-article\n                content-reveal-article--active\n                \">\n    <h3 class=\"heading\">Construction et maintenance sans fil<\/h3>\n    <p>Service cl\u00e9 en main pour la construction de nouvelles tours, la fabrication, la maintenance, les optimisations ou r\u00e9parations d\u2019urgence\u2014nous faisons tout pour nos clients.<\/p>\n    <img decoding=\"async\" data-src=\"https:\/\/westower.ca\/app\/uploads\/2020\/11\/FINAL-5-1-470x270-cropped.jpg\" alt=\"Construction et maintenance sans fil\" src=\"data:image\/svg+xml;base64,PHN2ZyB3aWR0aD0iMSIgaGVpZ2h0PSIxIiB4bWxucz0iaHR0cDovL3d3dy53My5vcmcvMjAwMC9zdmciPjwvc3ZnPg==\" class=\"lazyload\" style=\"--smush-placeholder-width: 470px; --smush-placeholder-aspect-ratio: 470\/270;\">\n        <div class=\"article-button-wrapper\">\n        <a href=\"http:\/\/westower.ca\/fr\/services\/wireless-construction-and-maintenance\/\" class=\"btn btn-primary\">\n            En Savoir Plus        <\/a>\n    <\/div>\n    <\/article>                                    <article id=\"construction-et-maintenance-filaire\"\n         class=\"content-reveal-article\n                \n                \">\n    <h3 class=\"heading\">Construction et maintenance filaire<\/h3>\n    <p>Solutions compl\u00e8tes de projet filaire du d\u00e9veloppement du site, \u00e0 la mise en service et une maintenance compl\u00e8te.<\/p>\n    <img decoding=\"async\" data-src=\"https:\/\/westower.ca\/app\/uploads\/2022\/11\/SASKATOON-59wirelineaccordian-470x270-cropped.jpg\" alt=\"Construction et maintenance filaire\" src=\"data:image\/svg+xml;base64,PHN2ZyB3aWR0aD0iMSIgaGVpZ2h0PSIxIiB4bWxucz0iaHR0cDovL3d3dy53My5vcmcvMjAwMC9zdmciPjwvc3ZnPg==\" class=\"lazyload\" style=\"--smush-placeholder-width: 470px; --smush-placeholder-aspect-ratio: 470\/270;\">\n        <div class=\"article-button-wrapper\">\n        <a href=\"http:\/\/westower.ca\/fr\/services\/wireline-construction\/\" class=\"btn btn-primary\">\n            En Savoir Plus        <\/a>\n    <\/div>\n    <\/article>                                    <article id=\"services-professionnels\"\n         class=\"content-reveal-article\n                \n                \">\n    <h3 class=\"heading\">Services professionnels<\/h3>\n    <p>Conception CAO, ing\u00e9nierie, gestion de projet et de maintenance, notre Groupe conseil en ing\u00e9nierie est essentiel pour la r\u00e9ussite des projets.<\/p>\n    <img decoding=\"async\" data-src=\"https:\/\/westower.ca\/app\/uploads\/2020\/10\/EDMONTON-290-470x270-cropped.jpg\" alt=\"Services professionnels\" src=\"data:image\/svg+xml;base64,PHN2ZyB3aWR0aD0iMSIgaGVpZ2h0PSIxIiB4bWxucz0iaHR0cDovL3d3dy53My5vcmcvMjAwMC9zdmciPjwvc3ZnPg==\" class=\"lazyload\" style=\"--smush-placeholder-width: 470px; --smush-placeholder-aspect-ratio: 470\/270;\">\n        <div class=\"article-button-wrapper\">\n        <a href=\"http:\/\/westower.ca\/fr\/services\/engineering-and-design\/\" class=\"btn btn-primary\">\n            En Savoir Plus        <\/a>\n    <\/div>\n    <\/article>                                    <article id=\"services-techniques\"\n         class=\"content-reveal-article\n                \n                \">\n    <h3 class=\"heading\">Services techniques<\/h3>\n    <p>Nous soutenons nos clients avec des op\u00e9rations de r\u00e9paration et de maintenance ainsi que des optimisations pour une int\u00e9gration de site compl\u00e8te.<\/p>\n    <img decoding=\"async\" data-src=\"https:\/\/westower.ca\/app\/uploads\/2020\/11\/FINAL-27-470x270-cropped.jpg\" alt=\"Services techniques\" src=\"data:image\/svg+xml;base64,PHN2ZyB3aWR0aD0iMSIgaGVpZ2h0PSIxIiB4bWxucz0iaHR0cDovL3d3dy53My5vcmcvMjAwMC9zdmciPjwvc3ZnPg==\" class=\"lazyload\" style=\"--smush-placeholder-width: 470px; --smush-placeholder-aspect-ratio: 470\/270;\">\n        <div class=\"article-button-wrapper\">\n        <a href=\"http:\/\/westower.ca\/fr\/services\/technical-services\/\" class=\"btn btn-primary\">\n            En Savoir Plus        <\/a>\n    <\/div>\n    <\/article>                                    <article id=\"fabrication\"\n         class=\"content-reveal-article\n                \n                \">\n    <h3 class=\"heading\">Fabrication<\/h3>\n    <p>Nous employons des professionnels en m\u00e9tallurgie, soudure, menuiserie, et \u00e9lectricit\u00e9 de fa\u00e7on \u00e0 pouvoir \u00eatre souples et mettre n\u2019importe quel projet \u00e0 terme.<\/p>\n    <img decoding=\"async\" data-src=\"https:\/\/westower.ca\/app\/uploads\/2020\/11\/FINAL-27-T-edited-470x270-cropped.jpg\" alt=\"Fabrication\" src=\"data:image\/svg+xml;base64,PHN2ZyB3aWR0aD0iMSIgaGVpZ2h0PSIxIiB4bWxucz0iaHR0cDovL3d3dy53My5vcmcvMjAwMC9zdmciPjwvc3ZnPg==\" class=\"lazyload\" style=\"--smush-placeholder-width: 470px; --smush-placeholder-aspect-ratio: 470\/270;\">\n        <div class=\"article-button-wrapper\">\n        <a href=\"http:\/\/westower.ca\/fr\/services\/fabrication\/\" class=\"btn btn-primary\">\n            En Savoir Plus        <\/a>\n    <\/div>\n    <\/article>                            <\/div><!-- .col-12 -->\n        <\/div><!-- .row -->\n    <\/div><!-- .container -->\n<\/section><!-- .content-reveal-block -->\n\n\n<section class=\"two-columns-block\">\n    <div class=\"container\">\n        <div class=\"row\">\n\n                        <div class=\"col-12 col-md-4 left-col\">\n                <h2 class=\"heading title-5\">Services connect\u00e9s<\/h2>\n                \n            <\/div><!-- .col-12 -->\n            \n                                        <div class=\"col-12 col-md-7 offset-md-1  right-col flex-wrap \">\n                            \n                                            <div class=\"   col-12\n                                    d-flex\n                                    \">\n                            <article>\n        <h3 class=\"heading title-3\">Telcon Datvox<\/h3>\n        <p>Maintenant une fi\u00e8re division de WesTower, Telcon Datvox est un ajout strat\u00e9gique \u00e0 l\u2019offre de <a href=\"https:\/\/westower.ca\/fr\/services\/construction-et-maintenance-filaire\/\">services de construction et maintenance filaires<\/a> de WesTower dans le sud de l\u2019Ontario.<\/p>\n\n\n            <a href=\"https:\/\/westower.ca\/fr\/services\/telcon-datvox-fr\/\"class=\"btn btn-primary\" target=\"\">\n            D\u00e9couvrez les services Telcon Datvox\n        <\/a>\n    <\/article>                        <\/div><!-- .numbered-item -->\n                                    <\/div><!-- .col-12 -->\n            \n        <\/div><!-- .row -->\n    <\/div><!-- .container -->\n<\/section><!-- .two-columns-block -->\n\n\n<section class=\"image-slider-block\">\n    <div class=\"container\">\n        <div class=\"glide\">\n            <div data-glide-el=\"track\" class=\"glide__track\">\n                <ul class=\"glide__slides\">\n                                            <li class=\"image-slider-list-item dropshadow dropshadow--primary\">\n                            <img decoding=\"async\" data-src=\"https:\/\/westower.ca\/app\/uploads\/2022\/11\/ONTARIO-46-Values-1-1500x1000.jpg\" alt=\"\" src=\"data:image\/svg+xml;base64,PHN2ZyB3aWR0aD0iMSIgaGVpZ2h0PSIxIiB4bWxucz0iaHR0cDovL3d3dy53My5vcmcvMjAwMC9zdmciPjwvc3ZnPg==\" class=\"lazyload\" style=\"--smush-placeholder-width: 1500px; --smush-placeholder-aspect-ratio: 1500\/1000;\">\n                        <\/li><!-- .news-events-feed--list-item -->\n                                    <\/ul><!-- .glide__slides -->\n            <\/div><!-- .glide__track -->\n\n                    <\/div><!-- .glide -->\n    <\/div><!-- .container -->\n<\/section><!-- .image-slider-block -->\n\n\n<section class=\"one-two-col-block \">\n    <div class=\"container\">\n        <div class=\"row\">\n                <div class=\"col-12 \">\n                    <h2><span style=\"font-weight: 400;\">Solutions de service cl\u00e9 en main<\/span><\/h2>\n<p><span style=\"font-weight: 400;\">WesTower peut prendre en charge et construire une tour sans-fil et des projets filaires du d\u00e9but jusqu\u2019\u00e0 la fin et au-del\u00e0. Si votre projet comporte des exigences uniques ou des circonstances exceptionnelles, nous pouvons travailler pour vous fournir les bonnes solutions pour la construction de site, les inspections, les mises \u00e0 niveau et les besoins en maintenance. Notre \u00e9quipe en mesure d\u2019adapter enti\u00e8rement l\u2019exp\u00e9rience de fa\u00e7on \u00e0 fournir l\u2019expertise et faire que votre projet soit un succ\u00e8s.<\/span><\/p>\n\n                <\/div><!-- .col-12 col-md-6 -->\n\n                    <\/div><!-- .row -->\n    <\/div><!-- .container -->\n<\/section><!-- .one-two-col-block -->\n\n\n<section class=\"related-articles-block\">\n    <div class=\"container\">\n        <div class=\"row\">\n                            <div class=\"col-12 col-md-6 intro-col\">\n                    <div class=\"global-intro-content\">\n    <h2 class=\"heading title-5\">Voir les projets que nous avons r\u00e9alis\u00e9s<\/h2>\n    \n            <a href=\"http:\/\/westower.ca\/fr\/projects\/\" class=\"btn btn-primary\">Voir tous les projets<\/a>\n    <\/div><!-- .intro-content -->                <\/div><!-- .col-12 -->\n            \n                            <div class=\"col-12 articles-col\">\n                    <div class=\"row\">\n                                                    <div class=\"col-12 col-sm-6 article-col\">\n                                <a href=\"https:\/\/westower.ca\/fr\/projects\/le-project-caribou-pour-internet-et-cellulaire-fiable\/\"\n   class=\"d-flex related-article article-slide align-items-end\">\n    <div class=\"related-article-inner d-flex flex-column align-items-start\">\n        <span class=\"tagline\">Quebec<\/span><!-- .tagline -->\n\n        <h3 class=\"heading title-4\">Le Project Caribou pour Internet et Cellulaire Fiable<\/h3>\n\n        <div class=\"content\">Le projet Caribou de TELUS Mobilit\u00e9 et Plan Nord, consiste \u00e0 faire l\u2019installation de nouvelles tours sur la Basse-C\u00f4te-Nord. Le but est de fournir le r\u00e9seau internet et cellulaire fiable dans les communaut\u00e9s locales. Tr\u00e8s importants car pour les villages de Chevery, Baie des Mutons and La Tabati\u00e8re cela apportait une connexion Internet grande vitesse et cellulaire pour la premi\u00e8re fois.\r\n\r\n<\/div><!-- .content -->\n        <span class=\"btn btn-secondary\">\n            Lire la suite        <\/span>\n    <\/div><!-- .related-article-inner -->\n    <div class=\"bg-image lazyload\" style=\"background-image:inherit;\" data-bg-image=\"url(&#039;https:\/\/westower.ca\/app\/uploads\/2021\/01\/Gros-Mecatina-7-scaled-640x380-cropped.jpg&#039;)\"><\/div><!-- .bg-image -->\n<\/a><!-- .article-slide -->                            <\/div><!-- .col-12 -->\n                                                    <div class=\"col-12 col-sm-6 article-col\">\n                                <a href=\"https:\/\/westower.ca\/fr\/projects\/installation-5g-dans-un-stade\/\"\n   class=\"d-flex related-article article-slide align-items-end\">\n    <div class=\"related-article-inner d-flex flex-column align-items-start\">\n        <span class=\"tagline\">Alberta<\/span><!-- .tagline -->\n\n        <h3 class=\"heading title-4\">Installation 5G dans un Stade<\/h3>\n\n        <div class=\"content\">WesTower a r\u00e9cemment termin\u00e9 l&#8217;installation d\u2019un syst\u00e8me d\u2019antenne r\u00e9parti (SAR) au stade du Commonwealth \u00e0 Edmonton, Alberta, assurant ainsi la connectivit\u00e9 5G compl\u00e8te dans cette installation d\u2019une superficie de 42 acres \u2013 le plus important projet \u00e0 l&#8217;ext\u00e9rieur pendant la construction que notre entreprise a r\u00e9alis\u00e9 \u00e0 ce jour, incluant les services de gestion de projet jusqu\u2019\u00e0 la mise en service et la mise en marche du syst\u00e8me.<\/div><!-- .content -->\n        <span class=\"btn btn-secondary\">\n            Lire la suite        <\/span>\n    <\/div><!-- .related-article-inner -->\n    <div class=\"bg-image lazyload\" style=\"background-image:inherit;\" data-bg-image=\"url(&#039;https:\/\/westower.ca\/app\/uploads\/2021\/01\/Field-Level-Commonwealth-scaled-640x380-cropped.jpg&#039;)\"><\/div><!-- .bg-image -->\n<\/a><!-- .article-slide -->                            <\/div><!-- .col-12 -->\n                                            <\/div><!-- .row -->\n                <\/div><!-- .col-12 -->\n                    <\/div><!-- .row -->\n    <\/div><!-- .container -->\n<\/section><!-- .related-articles-block -->\n\n\n<section class=\"cta-block bg-blue\">\n    \n    <div class=\"container\">\n        <div class=\"row justify-content-end\">\n                            <div class=\"col-12 col-md-5\">\n                    <h2 class=\"heading title-6 ease-up-with-delay\">Obtenez un devis<\/h2>\n                <\/div><!-- .col-12 -->\n            \n            <div class=\"col-12 col-md-7 p-large ease-up-with-delay\">\n                \n                <p>Avez-vous un projet qui pourrait utiliser les services de WesTower? Demandez un devis aujourd\u2019hui pour d\u00e9couvrir comment nous pouvons vous aider \u00e0 faire passer votre projet de la conception \u00e0 la r\u00e9alisation.<\/p>\n\n\n                <a href=\"http:\/\/westower.ca\/fr\/obtenez-un-devis\/\" class=\"btn btn-primary btn-inverted\" target=\"\">\n                    Obtenez un devis \n                <\/a>\n            <\/div><!-- .col-12 -->\n\n        <\/div><!-- .row -->\n    <\/div><!-- .container -->\n<\/section><!-- .cta -->\n","protected":false},"excerpt":{"rendered":"","protected":false},"author":1,"featured_media":0,"parent":0,"menu_order":0,"comment_status":"closed","ping_status":"closed","template":"","meta":{"_acf_changed":false,"footnotes":""},"class_list":["post-1555","page","type-page","status-publish","hentry"],"acf":[],"yoast_head":"<!-- This site is optimized with the Yoast SEO plugin v27.4 - https:\/\/yoast.com\/product\/yoast-seo-wordpress\/ -->\n<title>Services - WesTower Communications Communications<\/title>\n<meta name=\"description\" content=\"Offre de services de construction et de maintenance sans-fil et filaires, expertise en ing\u00e9nierie et conception, ainsi que des services techniques et de fabrication.\" \/>\n<meta name=\"robots\" content=\"index, follow, max-snippet:-1, max-image-preview:large, max-video-preview:-1\" \/>\n<link rel=\"canonical\" href=\"https:\/\/westower.ca\/fr\/services\/\" \/>\n<meta property=\"og:locale\" content=\"fr_FR\" \/>\n<meta property=\"og:type\" content=\"article\" \/>\n<meta property=\"og:title\" content=\"Services - WesTower Communications Communications\" \/>\n<meta property=\"og:description\" content=\"Offre de services de construction et de maintenance sans-fil et filaires, expertise en ing\u00e9nierie et conception, ainsi que des services techniques et de fabrication.\" \/>\n<meta property=\"og:url\" content=\"https:\/\/westower.ca\/fr\/services\/\" \/>\n<meta property=\"og:site_name\" content=\"WesTower Communications\" \/>\n<meta property=\"article:modified_time\" content=\"2025-05-07T18:40:54+00:00\" \/>\n<meta name=\"twitter:card\" content=\"summary_large_image\" \/>\n<script type=\"application\/ld+json\" class=\"yoast-schema-graph\">{\"@context\":\"https:\\\/\\\/schema.org\",\"@graph\":[{\"@type\":\"WebPage\",\"@id\":\"https:\\\/\\\/westower.ca\\\/fr\\\/services\\\/\",\"url\":\"https:\\\/\\\/westower.ca\\\/fr\\\/services\\\/\",\"name\":\"Services - WesTower Communications Communications\",\"isPartOf\":{\"@id\":\"https:\\\/\\\/westower.ca\\\/fr\\\/#website\"},\"datePublished\":\"2020-08-27T21:53:42+00:00\",\"dateModified\":\"2025-05-07T18:40:54+00:00\",\"description\":\"Offre de services de construction et de maintenance sans-fil et filaires, expertise en ing\u00e9nierie et conception, ainsi que des services techniques et de fabrication.\",\"breadcrumb\":{\"@id\":\"https:\\\/\\\/westower.ca\\\/fr\\\/services\\\/#breadcrumb\"},\"inLanguage\":\"fr-FR\",\"potentialAction\":[{\"@type\":\"ReadAction\",\"target\":[\"https:\\\/\\\/westower.ca\\\/fr\\\/services\\\/\"]}]},{\"@type\":\"BreadcrumbList\",\"@id\":\"https:\\\/\\\/westower.ca\\\/fr\\\/services\\\/#breadcrumb\",\"itemListElement\":[{\"@type\":\"ListItem\",\"position\":1,\"name\":\"Home\",\"item\":\"https:\\\/\\\/westower.ca\\\/fr\\\/\"},{\"@type\":\"ListItem\",\"position\":2,\"name\":\"Services\"}]},{\"@type\":\"WebSite\",\"@id\":\"https:\\\/\\\/westower.ca\\\/fr\\\/#website\",\"url\":\"https:\\\/\\\/westower.ca\\\/fr\\\/\",\"name\":\"WesTower Communications\",\"description\":\"Integrated, Full-Service Tower Professionals\",\"potentialAction\":[{\"@type\":\"SearchAction\",\"target\":{\"@type\":\"EntryPoint\",\"urlTemplate\":\"https:\\\/\\\/westower.ca\\\/fr\\\/?s={search_term_string}\"},\"query-input\":{\"@type\":\"PropertyValueSpecification\",\"valueRequired\":true,\"valueName\":\"search_term_string\"}}],\"inLanguage\":\"fr-FR\"}]}<\/script>\n<!-- \/ Yoast SEO plugin. -->","yoast_head_json":{"title":"Services - WesTower Communications Communications","description":"Offre de services de construction et de maintenance sans-fil et filaires, expertise en ing\u00e9nierie et conception, ainsi que des services techniques et de fabrication.","robots":{"index":"index","follow":"follow","max-snippet":"max-snippet:-1","max-image-preview":"max-image-preview:large","max-video-preview":"max-video-preview:-1"},"canonical":"https:\/\/westower.ca\/fr\/services\/","og_locale":"fr_FR","og_type":"article","og_title":"Services - WesTower Communications Communications","og_description":"Offre de services de construction et de maintenance sans-fil et filaires, expertise en ing\u00e9nierie et conception, ainsi que des services techniques et de fabrication.","og_url":"https:\/\/westower.ca\/fr\/services\/","og_site_name":"WesTower Communications","article_modified_time":"2025-05-07T18:40:54+00:00","twitter_card":"summary_large_image","schema":{"@context":"https:\/\/schema.org","@graph":[{"@type":"WebPage","@id":"https:\/\/westower.ca\/fr\/services\/","url":"https:\/\/westower.ca\/fr\/services\/","name":"Services - WesTower Communications Communications","isPartOf":{"@id":"https:\/\/westower.ca\/fr\/#website"},"datePublished":"2020-08-27T21:53:42+00:00","dateModified":"2025-05-07T18:40:54+00:00","description":"Offre de services de construction et de maintenance sans-fil et filaires, expertise en ing\u00e9nierie et conception, ainsi que des services techniques et de fabrication.","breadcrumb":{"@id":"https:\/\/westower.ca\/fr\/services\/#breadcrumb"},"inLanguage":"fr-FR","potentialAction":[{"@type":"ReadAction","target":["https:\/\/westower.ca\/fr\/services\/"]}]},{"@type":"BreadcrumbList","@id":"https:\/\/westower.ca\/fr\/services\/#breadcrumb","itemListElement":[{"@type":"ListItem","position":1,"name":"Home","item":"https:\/\/westower.ca\/fr\/"},{"@type":"ListItem","position":2,"name":"Services"}]},{"@type":"WebSite","@id":"https:\/\/westower.ca\/fr\/#website","url":"https:\/\/westower.ca\/fr\/","name":"WesTower Communications","description":"Integrated, Full-Service Tower Professionals","potentialAction":[{"@type":"SearchAction","target":{"@type":"EntryPoint","urlTemplate":"https:\/\/westower.ca\/fr\/?s={search_term_string}"},"query-input":{"@type":"PropertyValueSpecification","valueRequired":true,"valueName":"search_term_string"}}],"inLanguage":"fr-FR"}]}},"_links":{"self":[{"href":"https:\/\/westower.ca\/fr\/wp-json\/wp\/v2\/pages\/1555","targetHints":{"allow":["GET"]}}],"collection":[{"href":"https:\/\/westower.ca\/fr\/wp-json\/wp\/v2\/pages"}],"about":[{"href":"https:\/\/westower.ca\/fr\/wp-json\/wp\/v2\/types\/page"}],"author":[{"embeddable":true,"href":"https:\/\/westower.ca\/fr\/wp-json\/wp\/v2\/users\/1"}],"replies":[{"embeddable":true,"href":"https:\/\/westower.ca\/fr\/wp-json\/wp\/v2\/comments?post=1555"}],"version-history":[{"count":24,"href":"https:\/\/westower.ca\/fr\/wp-json\/wp\/v2\/pages\/1555\/revisions"}],"predecessor-version":[{"id":5256,"href":"https:\/\/westower.ca\/fr\/wp-json\/wp\/v2\/pages\/1555\/revisions\/5256"}],"wp:attachment":[{"href":"https:\/\/westower.ca\/fr\/wp-json\/wp\/v2\/media?parent=1555"}],"curies":[{"name":"wp","href":"https:\/\/api.w.org\/{rel}","templated":true}]}}