{"id":1620,"date":"2020-10-15T21:40:16","date_gmt":"2020-10-15T21:40:16","guid":{"rendered":"http:\/\/westower.paperleaftest.com\/qui-nous-sommes\/health-and-safety\/"},"modified":"2022-12-06T13:25:13","modified_gmt":"2022-12-06T20:25:13","slug":"sante-securite","status":"publish","type":"page","link":"https:\/\/westower.ca\/fr\/qui-nous-sommes\/sante-securite\/","title":{"rendered":"Sant\u00e9 et s\u00e9curit\u00e9"},"content":{"rendered":"<section class=\"intro-content-block bg-dark-blue\">\n    <div class=\"container\">\n        <div class=\"row\">\n                            <div class=\"left-col col-12 col-md-5 d-flex align-items-end mb-4 mb-md-0\">\n                    <a href=\"http:\/\/westower.ca\/fr\/qui-nous-sommes\/\" class=\"btn btn-secondary btn-back\">Qui nous Sommes<\/a>\n                <\/div><!-- .col-12 -->\n\n                <div class=\"right-col col-12 col-md-7\">\n                    <span class=\"small-heading\">Sant\u00e9 et s\u00e9curit\u00e9<\/span>\n                    <h1 class=\"title-4 large-heading\">La s\u00e9curit\u00e9: du d\u00e9but \u00e0 la fin, en tout temps. <\/h1>\n                    <p>Les politiques compl\u00e8tes de WesTower sur la Sant\u00e9, la S\u00e9curit\u00e9 et l\u2019Environnement (SSE), non seulement garantissent des pratiques s\u00e9curitaires sur le lieu de travail, mais elles prot\u00e8gent aussi tout le monde et assurent que chaque personne rentre chez elle dans sa famille \u00e0 la fin de la journ\u00e9e.<\/p>\n\n                <\/div><!-- .col-12 -->\n            \n        <\/div><!-- .row -->\n    <\/div><!-- .container -->\n<\/section><!-- .intro-content-block -->\n\n<section class=\"image-slider-block\">\n    <div class=\"container\">\n        <div class=\"glide\">\n            <div data-glide-el=\"track\" class=\"glide__track\">\n                <ul class=\"glide__slides\">\n                                            <li class=\"image-slider-list-item dropshadow dropshadow--primary\">\n                            <img decoding=\"async\" data-src=\"https:\/\/westower.ca\/app\/uploads\/2020\/11\/FINAL-6-Resize-1500x1000.jpg\" alt=\"\" src=\"data:image\/svg+xml;base64,PHN2ZyB3aWR0aD0iMSIgaGVpZ2h0PSIxIiB4bWxucz0iaHR0cDovL3d3dy53My5vcmcvMjAwMC9zdmciPjwvc3ZnPg==\" class=\"lazyload\" style=\"--smush-placeholder-width: 1500px; --smush-placeholder-aspect-ratio: 1500\/1000;\">\n                        <\/li><!-- .news-events-feed--list-item -->\n                                    <\/ul><!-- .glide__slides -->\n            <\/div><!-- .glide__track -->\n\n                    <\/div><!-- .glide -->\n    <\/div><!-- .container -->\n<\/section><!-- .image-slider-block -->\n\n\n<section class=\"accordion-content-block\">\n    <div class=\"container\">\n        <div class=\"row\">\n            <div class=\"col-12 col-md-6 mb-5\">\n                <div class=\"global-intro-content\">\n    <h2 class=\"heading title-5\">Attentes et formation HSE<\/h2>\n    <p>En tant que membre fondateur du Conseil des structures, pyl\u00f4nes et antennes (CSPA), nous encourageons et soutenons l\u2019\u00e9volution constante de nos pratiques de Sant\u00e9, S\u00e9curit\u00e9 et Environnement (SSE), promouvant une culture o\u00f9 nos employ\u00e9s et sous-traitants \u00e9valuent activement la s\u00e9curit\u00e9 de notre travail. Cela implique une formation SSE en continu afin que chacun rentre au c\u00f4t\u00e9 de sa famille chaque jour en bonne sant\u00e9.<\/p>\n\n            <a href=\"http:\/\/westower.ca\/fr\/qui-nous-sommes\/cspa\/\" class=\"btn btn-primary\">En savoir plus \u00e0 propos du CSPA<\/a>\n    <\/div><!-- .intro-content -->            <\/div><!-- .col-12 -->\n\n            <div class=\"col-12 col-md-6 col-lg-5\">\n                <div class=\"accordion\" id=\"accordion-content\">\n                                            <div class=\"card accordion-card\">\n    <div class=\"card-header accordion-card-tab\" id=\"card-0\">\n        <h3 class=\"title-6 accordion-card-header\">\n            <button\n                class=\"btn btn-link title-6 \"\n                type=\"button\"\n                data-toggle=\"collapse\"\n                data-target=\"#collapse-card-1\"\n                aria-expanded=\"true\"\n                aria-controls=\"collapse-card-1\">\n                Protection contre les chutes\n            <\/button>\n        <\/h3>\n    <\/div><!-- .card-header -->\n\n    <div\n    id=\"collapse-card-1\"\n    class=\"card-toggle collapse show\"\n    aria-labelledby=\"card-1\"\n    data-parent=\"#accordion-content\">\n        <div class=\"card-body\">\n                            <div class=\"accordion-card-content\">\n                    <p>La nature de notre travail sur les tours veut que nos techniciens doivent parfois monter \u00e0 des hauteurs importantes. Une chute pourrait aussi \u00eatre l\u2019une des blessures les plus catastrophiques qui puissent arriver dans notre industrie. WesTower assure que tout employ\u00e9 qui aura \u00e0 travailler sur les tours ait la formation appropri\u00e9e dans les techniques et soit comp\u00e9tent concernant les \u00e9quipements afin d\u2019\u00e9viter les chutes.<\/p>\n\n                <\/div><!-- .accordion-card-content -->\n                    <\/div><!-- .card-body -->\n    <\/div><!-- #collapse-card-# -->\n<\/div><!-- .card -->                                            <div class=\"card accordion-card\">\n    <div class=\"card-header accordion-card-tab\" id=\"card-1\">\n        <h3 class=\"title-6 accordion-card-header\">\n            <button\n                class=\"btn btn-link title-6 collapsed\"\n                type=\"button\"\n                data-toggle=\"collapse\"\n                data-target=\"#collapse-card-2\"\n                aria-expanded=\"false\"\n                aria-controls=\"collapse-card-2\">\n                Monteur comp\u00e9tent\n            <\/button>\n        <\/h3>\n    <\/div><!-- .card-header -->\n\n    <div\n    id=\"collapse-card-2\"\n    class=\"card-toggle collapse \"\n    aria-labelledby=\"card-2\"\n    data-parent=\"#accordion-content\">\n        <div class=\"card-body\">\n                            <div class=\"accordion-card-content\">\n                    <p>WesTower requiert que tout employ\u00e9 qui travaille sur les tours assiste \u00e0 un cours de certification comme Monteur comp\u00e9tent. Tous les monteurs sur les tours doivent conna\u00eetre la gestion des risques de base de l\u2019escalade, les v\u00e9rifications de s\u00e9curit\u00e9 avant de monter, comment utiliser les cordes, n\u0153uds, et appareils d\u2019ancrage standards ainsi que des techniques d\u2019escalade s\u00fbre.<\/p>\n\n                <\/div><!-- .accordion-card-content -->\n                    <\/div><!-- .card-body -->\n    <\/div><!-- #collapse-card-# -->\n<\/div><!-- .card -->                                            <div class=\"card accordion-card\">\n    <div class=\"card-header accordion-card-tab\" id=\"card-2\">\n        <h3 class=\"title-6 accordion-card-header\">\n            <button\n                class=\"btn btn-link title-6 collapsed\"\n                type=\"button\"\n                data-toggle=\"collapse\"\n                data-target=\"#collapse-card-3\"\n                aria-expanded=\"false\"\n                aria-controls=\"collapse-card-3\">\n                Sauvetage comp\u00e9tent\n            <\/button>\n        <\/h3>\n    <\/div><!-- .card-header -->\n\n    <div\n    id=\"collapse-card-3\"\n    class=\"card-toggle collapse \"\n    aria-labelledby=\"card-3\"\n    data-parent=\"#accordion-content\">\n        <div class=\"card-body\">\n                            <div class=\"accordion-card-content\">\n                    <p>Fait en g\u00e9n\u00e9ral avec le cours de certification du Monteur comp\u00e9tent, la formation de Sauvetage comp\u00e9tent enseigne des techniques de sauvetage auto-assist\u00e9es, au sol et de style enl\u00e8vement (pick-off). Dans ce cours, les employ\u00e9s apprendront aussi les consid\u00e9rations m\u00e9dicales qu\u2019ils peuvent rencontrer pendant les sauvetages.<\/p>\n\n                <\/div><!-- .accordion-card-content -->\n                    <\/div><!-- .card-body -->\n    <\/div><!-- #collapse-card-# -->\n<\/div><!-- .card -->                                            <div class=\"card accordion-card\">\n    <div class=\"card-header accordion-card-tab\" id=\"card-3\">\n        <h3 class=\"title-6 accordion-card-header\">\n            <button\n                class=\"btn btn-link title-6 collapsed\"\n                type=\"button\"\n                data-toggle=\"collapse\"\n                data-target=\"#collapse-card-4\"\n                aria-expanded=\"false\"\n                aria-controls=\"collapse-card-4\">\n                Radiations RF\n            <\/button>\n        <\/h3>\n    <\/div><!-- .card-header -->\n\n    <div\n    id=\"collapse-card-4\"\n    class=\"card-toggle collapse \"\n    aria-labelledby=\"card-4\"\n    data-parent=\"#accordion-content\">\n        <div class=\"card-body\">\n                            <div class=\"accordion-card-content\">\n                    <p>Nos employ\u00e9s travaillent \u00e0 proximit\u00e9 des rayonnements radiofr\u00e9quences (RF) lorsqu\u2019ils travaillent \u00e0 la construction, la maintenance et les r\u00e9parations de tours. Nous nous assurons qu\u2019ils soient conscients des risques potentiels, comment identifier les dangers de radiations et les \u00e9tapes dont ils ont besoin pour travailler en toute s\u00e9curit\u00e9.<\/p>\n\n                <\/div><!-- .accordion-card-content -->\n                    <\/div><!-- .card-body -->\n    <\/div><!-- #collapse-card-# -->\n<\/div><!-- .card -->                                            <div class=\"card accordion-card\">\n    <div class=\"card-header accordion-card-tab\" id=\"card-4\">\n        <h3 class=\"title-6 accordion-card-header\">\n            <button\n                class=\"btn btn-link title-6 collapsed\"\n                type=\"button\"\n                data-toggle=\"collapse\"\n                data-target=\"#collapse-card-5\"\n                aria-expanded=\"false\"\n                aria-controls=\"collapse-card-5\">\n                Gr\u00e9ement\n            <\/button>\n        <\/h3>\n    <\/div><!-- .card-header -->\n\n    <div\n    id=\"collapse-card-5\"\n    class=\"card-toggle collapse \"\n    aria-labelledby=\"card-5\"\n    data-parent=\"#accordion-content\">\n        <div class=\"card-body\">\n                            <div class=\"accordion-card-content\">\n                    <p>\u00c9riger une tour requiert une connaissance de techniques de gr\u00e9age appropri\u00e9es et s\u00e9curitaires. Nos techniciens apprennent les facteurs de s\u00e9curit\u00e9 avec le mat\u00e9riel et les attaches de gr\u00e9age, les proc\u00e9dures d\u2019installation, les limites de charge et les \u00e9valuations de dangers pour assurer que les proc\u00e9dures de gr\u00e9age respectent les directives de s\u00e9curit\u00e9.<\/p>\n\n                <\/div><!-- .accordion-card-content -->\n                    <\/div><!-- .card-body -->\n    <\/div><!-- #collapse-card-# -->\n<\/div><!-- .card -->                                            <div class=\"card accordion-card\">\n    <div class=\"card-header accordion-card-tab\" id=\"card-5\">\n        <h3 class=\"title-6 accordion-card-header\">\n            <button\n                class=\"btn btn-link title-6 collapsed\"\n                type=\"button\"\n                data-toggle=\"collapse\"\n                data-target=\"#collapse-card-6\"\n                aria-expanded=\"false\"\n                aria-controls=\"collapse-card-6\">\n                Monte-charges\n            <\/button>\n        <\/h3>\n    <\/div><!-- .card-header -->\n\n    <div\n    id=\"collapse-card-6\"\n    class=\"card-toggle collapse \"\n    aria-labelledby=\"card-6\"\n    data-parent=\"#accordion-content\">\n        <div class=\"card-body\">\n                            <div class=\"accordion-card-content\">\n                    <p>Pour terminer notre travail, WesTower utilise parfois des grues et des \u00e9lingues. Tous les employ\u00e9s travaillant avec des grues et des \u00e9lingues devront avoir une connaissance approfondie des meilleures pratiques pour d&#8217;op\u00e9ration, comment effectuer correctement les estimations et calculs de charge et comment effectuer les inspections de s\u00e9curit\u00e9.<\/p>\n\n                <\/div><!-- .accordion-card-content -->\n                    <\/div><!-- .card-body -->\n    <\/div><!-- #collapse-card-# -->\n<\/div><!-- .card -->                                            <div class=\"card accordion-card\">\n    <div class=\"card-header accordion-card-tab\" id=\"card-6\">\n        <h3 class=\"title-6 accordion-card-header\">\n            <button\n                class=\"btn btn-link title-6 collapsed\"\n                type=\"button\"\n                data-toggle=\"collapse\"\n                data-target=\"#collapse-card-7\"\n                aria-expanded=\"false\"\n                aria-controls=\"collapse-card-7\">\n                M\u00e2t de levage\n            <\/button>\n        <\/h3>\n    <\/div><!-- .card-header -->\n\n    <div\n    id=\"collapse-card-7\"\n    class=\"card-toggle collapse \"\n    aria-labelledby=\"card-7\"\n    data-parent=\"#accordion-content\">\n        <div class=\"card-body\">\n                            <div class=\"accordion-card-content\">\n                    <p>Installer un m\u00e2t de levage est une partie essentielle pour \u00e9riger une tour en toute s\u00e9curit\u00e9. Ils sont particuli\u00e8rement critiques lors de la mise en place d&#8217;une antenne au sommet de la tour. Toutes les \u00e9quipes doivent comprendre comment ils sont utilis\u00e9s et comment les utiliser de fa\u00e7on s\u00e9curitaire pour la construction r\u00e9ussie d\u2019une tour.<\/p>\n\n                <\/div><!-- .accordion-card-content -->\n                    <\/div><!-- .card-body -->\n    <\/div><!-- #collapse-card-# -->\n<\/div><!-- .card -->                                            <div class=\"card accordion-card\">\n    <div class=\"card-header accordion-card-tab\" id=\"card-7\">\n        <h3 class=\"title-6 accordion-card-header\">\n            <button\n                class=\"btn btn-link title-6 collapsed\"\n                type=\"button\"\n                data-toggle=\"collapse\"\n                data-target=\"#collapse-card-8\"\n                aria-expanded=\"false\"\n                aria-controls=\"collapse-card-8\">\n                Premiers secours\n            <\/button>\n        <\/h3>\n    <\/div><!-- .card-header -->\n\n    <div\n    id=\"collapse-card-8\"\n    class=\"card-toggle collapse \"\n    aria-labelledby=\"card-8\"\n    data-parent=\"#accordion-content\">\n        <div class=\"card-body\">\n                            <div class=\"accordion-card-content\">\n                    <p>S\u2019il y a des incidents au travail, chaque employ\u00e9 doit savoir comment faire une \u00e9valuation pr\u00e9liminaire, traiter des blessures mineures ou m\u00eame assurer que des blessures mineures ne se transforment pas en blessures importantes jusqu\u2019\u00e0 ce qu\u2019une aide m\u00e9dicale puisse \u00eatre apport\u00e9e. WesTower veut s\u2019assurer que tous nos employ\u00e9s aient un niveau de comp\u00e9tence de base \u00e0 cet \u00e9gard lorsqu\u2019ils sont dans notre \u00e9quipe.<\/p>\n\n                <\/div><!-- .accordion-card-content -->\n                    <\/div><!-- .card-body -->\n    <\/div><!-- #collapse-card-# -->\n<\/div><!-- .card -->                                    <\/div>\n            <\/div><!-- .col-12 -->\n        <\/div><!-- .row -->\n    <\/div><!-- .container -->\n<\/section><!-- .accordion-content-block -->\n\n\n<section class=\"cta-block bg-blue\">\n            <div class=\"photo-col col-12 col-md-5 lazyload\"\n             style=\"background-image:inherit\" data-bg-image=\"url(&#039;https:\/\/westower.ca\/app\/uploads\/2022\/11\/ONTARIO-103resize-640x640-cropped.jpg&#039;)\"><\/div><!-- .photo-col -->\n    \n    <div class=\"container\">\n        <div class=\"row justify-content-end\">\n            \n            <div class=\"col-12 col-md-7 p-large ease-up-with-delay\">\n                                    <h2 class=\"heading title-6\">D\u00e9sirez-vous en savoir plus?<\/h2>\n                \n                <p>Nous r\u00e9pondrons tr\u00e8s volontiers \u00e0 vos questions sur notre programme SSE de WesTower, pour plus d&#8217;informations n\u2019h\u00e9sitez pas \u00e0 nous contacter et nous serons heureux de vous donner les r\u00e9ponses dont vous avez besoin.<\/p>\n\n\n                <a href=\"mailto:hse@westower.ca\" class=\"btn btn-primary btn-inverted\" target=\"\">\n                    Courriel HSE\n                <\/a>\n            <\/div><!-- .col-12 -->\n\n        <\/div><!-- .row -->\n    <\/div><!-- .container -->\n<\/section><!-- .cta -->\n","protected":false},"excerpt":{"rendered":"","protected":false},"author":1,"featured_media":0,"parent":1608,"menu_order":0,"comment_status":"closed","ping_status":"closed","template":"","meta":{"_acf_changed":false,"footnotes":""},"class_list":["post-1620","page","type-page","status-publish","hentry"],"acf":[],"yoast_head":"<!-- This site is optimized with the Yoast SEO plugin v27.4 - https:\/\/yoast.com\/product\/yoast-seo-wordpress\/ -->\n<title>Sant\u00e9 et s\u00e9curit\u00e9 - WesTower Communications Communications<\/title>\n<meta name=\"description\" content=\"La Sant\u00e9, S\u00e9curit\u00e9 et Environnement (HSE) de WesTower est notre priorit\u00e9 absolue, la derni\u00e8re v\u00e9rification avant la prise de d\u00e9cision et toujours au premier plan dans notre esprit.\" \/>\n<meta name=\"robots\" content=\"index, follow, max-snippet:-1, max-image-preview:large, max-video-preview:-1\" \/>\n<link rel=\"canonical\" href=\"https:\/\/westower.ca\/fr\/qui-nous-sommes\/sante-securite\/\" \/>\n<meta property=\"og:locale\" content=\"fr_FR\" \/>\n<meta property=\"og:type\" content=\"article\" \/>\n<meta property=\"og:title\" content=\"Sant\u00e9 et s\u00e9curit\u00e9 - WesTower Communications Communications\" \/>\n<meta property=\"og:description\" content=\"La Sant\u00e9, S\u00e9curit\u00e9 et Environnement (HSE) de WesTower est notre priorit\u00e9 absolue, la derni\u00e8re v\u00e9rification avant la prise de d\u00e9cision et toujours au premier plan dans notre esprit.\" \/>\n<meta property=\"og:url\" content=\"https:\/\/westower.ca\/fr\/qui-nous-sommes\/sante-securite\/\" \/>\n<meta property=\"og:site_name\" content=\"WesTower Communications\" \/>\n<meta property=\"article:modified_time\" content=\"2022-12-06T20:25:13+00:00\" \/>\n<meta name=\"twitter:card\" content=\"summary_large_image\" \/>\n<script type=\"application\/ld+json\" class=\"yoast-schema-graph\">{\"@context\":\"https:\\\/\\\/schema.org\",\"@graph\":[{\"@type\":\"WebPage\",\"@id\":\"https:\\\/\\\/westower.ca\\\/fr\\\/qui-nous-sommes\\\/sante-securite\\\/\",\"url\":\"https:\\\/\\\/westower.ca\\\/fr\\\/qui-nous-sommes\\\/sante-securite\\\/\",\"name\":\"Sant\u00e9 et s\u00e9curit\u00e9 - WesTower Communications Communications\",\"isPartOf\":{\"@id\":\"https:\\\/\\\/westower.ca\\\/fr\\\/#website\"},\"datePublished\":\"2020-10-15T21:40:16+00:00\",\"dateModified\":\"2022-12-06T20:25:13+00:00\",\"description\":\"La Sant\u00e9, S\u00e9curit\u00e9 et Environnement (HSE) de WesTower est notre priorit\u00e9 absolue, la derni\u00e8re v\u00e9rification avant la prise de d\u00e9cision et toujours au premier plan dans notre esprit.\",\"breadcrumb\":{\"@id\":\"https:\\\/\\\/westower.ca\\\/fr\\\/qui-nous-sommes\\\/sante-securite\\\/#breadcrumb\"},\"inLanguage\":\"fr-FR\",\"potentialAction\":[{\"@type\":\"ReadAction\",\"target\":[\"https:\\\/\\\/westower.ca\\\/fr\\\/qui-nous-sommes\\\/sante-securite\\\/\"]}]},{\"@type\":\"BreadcrumbList\",\"@id\":\"https:\\\/\\\/westower.ca\\\/fr\\\/qui-nous-sommes\\\/sante-securite\\\/#breadcrumb\",\"itemListElement\":[{\"@type\":\"ListItem\",\"position\":1,\"name\":\"Home\",\"item\":\"https:\\\/\\\/westower.ca\\\/fr\\\/\"},{\"@type\":\"ListItem\",\"position\":2,\"name\":\"Qui sommes-nous?\",\"item\":\"https:\\\/\\\/westower.ca\\\/fr\\\/qui-nous-sommes\\\/\"},{\"@type\":\"ListItem\",\"position\":3,\"name\":\"Sant\u00e9 et s\u00e9curit\u00e9\"}]},{\"@type\":\"WebSite\",\"@id\":\"https:\\\/\\\/westower.ca\\\/fr\\\/#website\",\"url\":\"https:\\\/\\\/westower.ca\\\/fr\\\/\",\"name\":\"WesTower Communications\",\"description\":\"Integrated, Full-Service Tower Professionals\",\"potentialAction\":[{\"@type\":\"SearchAction\",\"target\":{\"@type\":\"EntryPoint\",\"urlTemplate\":\"https:\\\/\\\/westower.ca\\\/fr\\\/?s={search_term_string}\"},\"query-input\":{\"@type\":\"PropertyValueSpecification\",\"valueRequired\":true,\"valueName\":\"search_term_string\"}}],\"inLanguage\":\"fr-FR\"}]}<\/script>\n<!-- \/ Yoast SEO plugin. -->","yoast_head_json":{"title":"Sant\u00e9 et s\u00e9curit\u00e9 - WesTower Communications Communications","description":"La Sant\u00e9, S\u00e9curit\u00e9 et Environnement (HSE) de WesTower est notre priorit\u00e9 absolue, la derni\u00e8re v\u00e9rification avant la prise de d\u00e9cision et toujours au premier plan dans notre esprit.","robots":{"index":"index","follow":"follow","max-snippet":"max-snippet:-1","max-image-preview":"max-image-preview:large","max-video-preview":"max-video-preview:-1"},"canonical":"https:\/\/westower.ca\/fr\/qui-nous-sommes\/sante-securite\/","og_locale":"fr_FR","og_type":"article","og_title":"Sant\u00e9 et s\u00e9curit\u00e9 - WesTower Communications Communications","og_description":"La Sant\u00e9, S\u00e9curit\u00e9 et Environnement (HSE) de WesTower est notre priorit\u00e9 absolue, la derni\u00e8re v\u00e9rification avant la prise de d\u00e9cision et toujours au premier plan dans notre esprit.","og_url":"https:\/\/westower.ca\/fr\/qui-nous-sommes\/sante-securite\/","og_site_name":"WesTower Communications","article_modified_time":"2022-12-06T20:25:13+00:00","twitter_card":"summary_large_image","schema":{"@context":"https:\/\/schema.org","@graph":[{"@type":"WebPage","@id":"https:\/\/westower.ca\/fr\/qui-nous-sommes\/sante-securite\/","url":"https:\/\/westower.ca\/fr\/qui-nous-sommes\/sante-securite\/","name":"Sant\u00e9 et s\u00e9curit\u00e9 - WesTower Communications Communications","isPartOf":{"@id":"https:\/\/westower.ca\/fr\/#website"},"datePublished":"2020-10-15T21:40:16+00:00","dateModified":"2022-12-06T20:25:13+00:00","description":"La Sant\u00e9, S\u00e9curit\u00e9 et Environnement (HSE) de WesTower est notre priorit\u00e9 absolue, la derni\u00e8re v\u00e9rification avant la prise de d\u00e9cision et toujours au premier plan dans notre esprit.","breadcrumb":{"@id":"https:\/\/westower.ca\/fr\/qui-nous-sommes\/sante-securite\/#breadcrumb"},"inLanguage":"fr-FR","potentialAction":[{"@type":"ReadAction","target":["https:\/\/westower.ca\/fr\/qui-nous-sommes\/sante-securite\/"]}]},{"@type":"BreadcrumbList","@id":"https:\/\/westower.ca\/fr\/qui-nous-sommes\/sante-securite\/#breadcrumb","itemListElement":[{"@type":"ListItem","position":1,"name":"Home","item":"https:\/\/westower.ca\/fr\/"},{"@type":"ListItem","position":2,"name":"Qui sommes-nous?","item":"https:\/\/westower.ca\/fr\/qui-nous-sommes\/"},{"@type":"ListItem","position":3,"name":"Sant\u00e9 et s\u00e9curit\u00e9"}]},{"@type":"WebSite","@id":"https:\/\/westower.ca\/fr\/#website","url":"https:\/\/westower.ca\/fr\/","name":"WesTower Communications","description":"Integrated, Full-Service Tower Professionals","potentialAction":[{"@type":"SearchAction","target":{"@type":"EntryPoint","urlTemplate":"https:\/\/westower.ca\/fr\/?s={search_term_string}"},"query-input":{"@type":"PropertyValueSpecification","valueRequired":true,"valueName":"search_term_string"}}],"inLanguage":"fr-FR"}]}},"_links":{"self":[{"href":"https:\/\/westower.ca\/fr\/wp-json\/wp\/v2\/pages\/1620","targetHints":{"allow":["GET"]}}],"collection":[{"href":"https:\/\/westower.ca\/fr\/wp-json\/wp\/v2\/pages"}],"about":[{"href":"https:\/\/westower.ca\/fr\/wp-json\/wp\/v2\/types\/page"}],"author":[{"embeddable":true,"href":"https:\/\/westower.ca\/fr\/wp-json\/wp\/v2\/users\/1"}],"replies":[{"embeddable":true,"href":"https:\/\/westower.ca\/fr\/wp-json\/wp\/v2\/comments?post=1620"}],"version-history":[{"count":16,"href":"https:\/\/westower.ca\/fr\/wp-json\/wp\/v2\/pages\/1620\/revisions"}],"predecessor-version":[{"id":4101,"href":"https:\/\/westower.ca\/fr\/wp-json\/wp\/v2\/pages\/1620\/revisions\/4101"}],"up":[{"embeddable":true,"href":"https:\/\/westower.ca\/fr\/wp-json\/wp\/v2\/pages\/1608"}],"wp:attachment":[{"href":"https:\/\/westower.ca\/fr\/wp-json\/wp\/v2\/media?parent=1620"}],"curies":[{"name":"wp","href":"https:\/\/api.w.org\/{rel}","templated":true}]}}