{"id":1625,"date":"2020-10-15T21:49:21","date_gmt":"2020-10-15T21:49:21","guid":{"rendered":"http:\/\/westower.paperleaftest.com\/qui-nous-sommes\/our-history-mission-values\/"},"modified":"2025-07-23T10:21:14","modified_gmt":"2025-07-23T16:21:14","slug":"histoire-mission-valeurs","status":"publish","type":"page","link":"https:\/\/westower.ca\/fr\/qui-nous-sommes\/histoire-mission-valeurs\/","title":{"rendered":"Histoire, Mission et Valeurs"},"content":{"rendered":"<section class=\"intro-content-block bg-dark-blue\">\n    <div class=\"container\">\n        <div class=\"row\">\n                            <div class=\"left-col col-12 col-md-5 d-flex align-items-end mb-4 mb-md-0\">\n                    <a href=\"http:\/\/westower.ca\/fr\/qui-nous-sommes\/\" class=\"btn btn-secondary btn-back\">Qui nous sommes<\/a>\n                <\/div><!-- .col-12 -->\n\n                <div class=\"right-col col-12 col-md-7\">\n                    <span class=\"small-heading\">Qui nous sommes<\/span>\n                    <h1 class=\"title-4 large-heading\">Notre histoire, Mission et Valeurs <\/h1>\n                    <p>B\u00e2tir une entreprise \u00e0 partir d\u2019une petite op\u00e9ration pour en arriver \u00e0 couvrir tout le Canada avec une r\u00e9putation de travail de qualit\u00e9 repose sur notre histoire, notre mission et les valeurs selon lesquelles nous vivons tous les jours. <\/p>\n\n                <\/div><!-- .col-12 -->\n            \n        <\/div><!-- .row -->\n    <\/div><!-- .container -->\n<\/section><!-- .intro-content-block -->\n\n<section class=\"image-slider-block\">\n    <div class=\"container\">\n        <div class=\"glide\">\n            <div data-glide-el=\"track\" class=\"glide__track\">\n                <ul class=\"glide__slides\">\n                                            <li class=\"image-slider-list-item dropshadow dropshadow--primary\">\n                            <img decoding=\"async\" data-src=\"https:\/\/westower.ca\/app\/uploads\/2022\/12\/EDMONTON-209vision-1500x1000.jpg\" alt=\"\" src=\"data:image\/svg+xml;base64,PHN2ZyB3aWR0aD0iMSIgaGVpZ2h0PSIxIiB4bWxucz0iaHR0cDovL3d3dy53My5vcmcvMjAwMC9zdmciPjwvc3ZnPg==\" class=\"lazyload\" style=\"--smush-placeholder-width: 1500px; --smush-placeholder-aspect-ratio: 1500\/1000;\">\n                        <\/li><!-- .news-events-feed--list-item -->\n                                    <\/ul><!-- .glide__slides -->\n            <\/div><!-- .glide__track -->\n\n                    <\/div><!-- .glide -->\n    <\/div><!-- .container -->\n<\/section><!-- .image-slider-block -->\n\n\n<section class=\"accordion-content-block\">\n    <div class=\"container\">\n        <div class=\"row\">\n            <div class=\"col-12 col-md-6 mb-5\">\n                <div class=\"global-intro-content\">\n    <h2 class=\"heading title-5\">Nous nous effor\u00e7ons de b\u00e2tir sur notre historique de succ\u00e8s <\/h2>\n    \n    <\/div><!-- .intro-content -->            <\/div><!-- .col-12 -->\n\n            <div class=\"col-12 col-md-6 col-lg-5\">\n                <div class=\"accordion\" id=\"accordion-content\">\n                                            <div class=\"card accordion-card\">\n    <div class=\"card-header accordion-card-tab\" id=\"card-0\">\n        <h3 class=\"title-6 accordion-card-header\">\n            <button\n                class=\"btn btn-link title-6 \"\n                type=\"button\"\n                data-toggle=\"collapse\"\n                data-target=\"#collapse-card-1\"\n                aria-expanded=\"true\"\n                aria-controls=\"collapse-card-1\">\n                Notre histoire\n            <\/button>\n        <\/h3>\n    <\/div><!-- .card-header -->\n\n    <div\n    id=\"collapse-card-1\"\n    class=\"card-toggle collapse show\"\n    aria-labelledby=\"card-1\"\n    data-parent=\"#accordion-content\">\n        <div class=\"card-body\">\n                            <div class=\"accordion-card-content\">\n                    <p>WesTower Communications a \u00e9t\u00e9 fond\u00e9e en 1990 en tant qu\u2019entreprise de conception et de construction de tours. Au cours des 35 derni\u00e8res ann\u00e9es, nous sommes fiers d\u2019\u00eatre devenus le plus grand fournisseur de services auto-performant au Canada avec une r\u00e9putation de premier plan dans l\u2019industrie comme \u00e9tant le partenaire de d\u00e9ploiement incontournable pour les travaux difficiles dans les r\u00e9gions les plus recul\u00e9es. Nous avons \u00e9galement r\u00e9alis\u00e9 la n\u00e9cessit\u00e9 de constance dans nos processus \u00e0 grande \u00e9chelle et nous avons d\u00e9velopp\u00e9 une \u00e9quipe de gestion des projets vraiment comp\u00e9tente afin de promouvoir la confiance des clients et le succ\u00e8s des projets. Nous avons parcouru beaucoup de chemin depuis nos d\u00e9buts pour devenir l\u2019un des principaux fournisseurs de services de t\u00e9l\u00e9communications en Am\u00e9rique du Nord. <\/p>\n\n                <\/div><!-- .accordion-card-content -->\n                    <\/div><!-- .card-body -->\n    <\/div><!-- #collapse-card-# -->\n<\/div><!-- .card -->                                            <div class=\"card accordion-card\">\n    <div class=\"card-header accordion-card-tab\" id=\"card-1\">\n        <h3 class=\"title-6 accordion-card-header\">\n            <button\n                class=\"btn btn-link title-6 collapsed\"\n                type=\"button\"\n                data-toggle=\"collapse\"\n                data-target=\"#collapse-card-2\"\n                aria-expanded=\"false\"\n                aria-controls=\"collapse-card-2\">\n                Notre Vision\n            <\/button>\n        <\/h3>\n    <\/div><!-- .card-header -->\n\n    <div\n    id=\"collapse-card-2\"\n    class=\"card-toggle collapse \"\n    aria-labelledby=\"card-2\"\n    data-parent=\"#accordion-content\">\n        <div class=\"card-body\">\n                            <div class=\"accordion-card-content\">\n                    <p>Fournir des connexions fiables pour que les gens puissent exp\u00e9rimenter et communiquer de mani\u00e8re transparente dans leur monde.<\/p>\n\n                <\/div><!-- .accordion-card-content -->\n                    <\/div><!-- .card-body -->\n    <\/div><!-- #collapse-card-# -->\n<\/div><!-- .card -->                                            <div class=\"card accordion-card\">\n    <div class=\"card-header accordion-card-tab\" id=\"card-2\">\n        <h3 class=\"title-6 accordion-card-header\">\n            <button\n                class=\"btn btn-link title-6 collapsed\"\n                type=\"button\"\n                data-toggle=\"collapse\"\n                data-target=\"#collapse-card-3\"\n                aria-expanded=\"false\"\n                aria-controls=\"collapse-card-3\">\n                Notre mission\n            <\/button>\n        <\/h3>\n    <\/div><!-- .card-header -->\n\n    <div\n    id=\"collapse-card-3\"\n    class=\"card-toggle collapse \"\n    aria-labelledby=\"card-3\"\n    data-parent=\"#accordion-content\">\n        <div class=\"card-body\">\n                            <div class=\"accordion-card-content\">\n                    <p>\u00catre le chef de file de l\u2019industrie en Am\u00e9rique du Nord en fournissant en toute s\u00e9curit\u00e9 des solutions de connectivit\u00e9 totale qui surpassent toutes les attentes des clients et de la communaut\u00e9.<\/p>\n\n                <\/div><!-- .accordion-card-content -->\n                    <\/div><!-- .card-body -->\n    <\/div><!-- #collapse-card-# -->\n<\/div><!-- .card -->                                            <div class=\"card accordion-card\">\n    <div class=\"card-header accordion-card-tab\" id=\"card-3\">\n        <h3 class=\"title-6 accordion-card-header\">\n            <button\n                class=\"btn btn-link title-6 collapsed\"\n                type=\"button\"\n                data-toggle=\"collapse\"\n                data-target=\"#collapse-card-4\"\n                aria-expanded=\"false\"\n                aria-controls=\"collapse-card-4\">\n                Nos valuers\n            <\/button>\n        <\/h3>\n    <\/div><!-- .card-header -->\n\n    <div\n    id=\"collapse-card-4\"\n    class=\"card-toggle collapse \"\n    aria-labelledby=\"card-4\"\n    data-parent=\"#accordion-content\">\n        <div class=\"card-body\">\n                            <div class=\"accordion-card-content\">\n                    <p><b>La s\u00e9curit\u00e9<\/b><br \/>\nNous croyons en la s\u00e9curit\u00e9, en premier, en dernier et toujours. Nous sommes engag\u00e9s dans la philosophie de \u00ab z\u00e9ro incident \u00bb, car nous croyons qu\u2019on peut tous les \u00e9viter. Nous encourageons et soutenons l\u2019\u00e9volution constante de nos pratiques de Sante, S\u00e9curit\u00e9 et Environnement (HS&#038;E), promouvant une culture o\u00f9 nos employ\u00e9s et sous-traitants \u00e9valuent activement la s\u00e9curit\u00e9 de notre travail de fa\u00e7on que tout le monde rentre chez soi chaque jour dans sa famille.<br \/>\n<br \/>\n<b>Les gens<\/b><br \/>\nNous employons les meilleurs et les plus professionnels des individus du march\u00e9, nous les formons pour r\u00e9ussir et investissons dans leur d\u00e9veloppement de carri\u00e8re \u00e0 long terme. Nous sommes une culture, collaborant et puisant dans l\u2019exp\u00e9rience et l\u2019expertise de pointe de l\u2019industrie pour produire des r\u00e9sultats exceptionnels dans un milieu de travail gratifiant.<br \/>\n<br \/>\n<b>La qualit\u00e9<\/b><br \/>\nNous cherchons \u00e0 terminer correctement tous les programmes la premi\u00e8re fois, \u00e0 chaque fois, et nous soutenons nos produits et nos services. Nous int\u00e9grons cet engagement de qualit\u00e9 tout au long du processus, non seulement avant l\u2019inspection \u00e0 la fin du projet.<br \/>\n<br \/>\n<b>La productivit\u00e9<\/b><br \/>\nNous g\u00e9rons efficacement les calendriers et les co\u00fbts, afin de respecter les d\u00e9lais et les budgets pour atteindre les objectifs de production attendus par nos clients. Nous sommes proactifs pour identifier et adopter des opportunit\u00e9s d\u2019am\u00e9lioration de nos processus.<\/p>\n\n                <\/div><!-- .accordion-card-content -->\n                    <\/div><!-- .card-body -->\n    <\/div><!-- #collapse-card-# -->\n<\/div><!-- .card -->                                    <\/div>\n            <\/div><!-- .col-12 -->\n        <\/div><!-- .row -->\n    <\/div><!-- .container -->\n<\/section><!-- .accordion-content-block -->\n\n\n<section class=\"cta-block bg-blue\">\n    \n    <div class=\"container\">\n        <div class=\"row justify-content-end\">\n                            <div class=\"col-12 col-md-5\">\n                    <h2 class=\"heading title-6 ease-up-with-delay\">Obtenez un devis<\/h2>\n                <\/div><!-- .col-12 -->\n            \n            <div class=\"col-12 col-md-7 p-large ease-up-with-delay\">\n                \n                <p>Avez-vous un projet qui pourrait utiliser les services de WesTower? Demandez un devis aujourd\u2019hui pour d\u00e9couvrir comment nous pouvons vous aider \u00e0 faire passer votre projet de la conception \u00e0 la r\u00e9alisation.<\/p>\n\n\n                <a href=\"http:\/\/westower.ca\/fr\/obtenez-un-devis\/\" class=\"btn btn-primary btn-inverted\" target=\"\">\n                    Obtenez un devis\n                <\/a>\n            <\/div><!-- .col-12 -->\n\n        <\/div><!-- .row -->\n    <\/div><!-- .container -->\n<\/section><!-- .cta -->\n","protected":false},"excerpt":{"rendered":"","protected":false},"author":1,"featured_media":0,"parent":1608,"menu_order":0,"comment_status":"closed","ping_status":"closed","template":"","meta":{"_acf_changed":false,"footnotes":""},"class_list":["post-1625","page","type-page","status-publish","hentry"],"acf":[],"yoast_head":"<!-- This site is optimized with the Yoast SEO plugin v27.4 - https:\/\/yoast.com\/product\/yoast-seo-wordpress\/ -->\n<title>Histoire, Mission et Valeurs - WesTower Communications Communications<\/title>\n<meta name=\"description\" content=\"D\u00e9couvrez l\u2019histoire, la mission et les valeurs de WesTower et comment elles nous ont fa\u00e7onn\u00e9s en tant qu\u2019entreprise.\" \/>\n<meta name=\"robots\" content=\"index, follow, max-snippet:-1, max-image-preview:large, max-video-preview:-1\" \/>\n<link rel=\"canonical\" href=\"https:\/\/westower.ca\/fr\/qui-nous-sommes\/histoire-mission-valeurs\/\" \/>\n<meta property=\"og:locale\" content=\"fr_FR\" \/>\n<meta property=\"og:type\" content=\"article\" \/>\n<meta property=\"og:title\" content=\"Histoire, Mission et Valeurs - WesTower Communications Communications\" \/>\n<meta property=\"og:description\" content=\"D\u00e9couvrez l\u2019histoire, la mission et les valeurs de WesTower et comment elles nous ont fa\u00e7onn\u00e9s en tant qu\u2019entreprise.\" \/>\n<meta property=\"og:url\" content=\"https:\/\/westower.ca\/fr\/qui-nous-sommes\/histoire-mission-valeurs\/\" \/>\n<meta property=\"og:site_name\" content=\"WesTower Communications\" \/>\n<meta property=\"article:modified_time\" content=\"2025-07-23T16:21:14+00:00\" \/>\n<meta name=\"twitter:card\" content=\"summary_large_image\" \/>\n<script type=\"application\/ld+json\" class=\"yoast-schema-graph\">{\"@context\":\"https:\\\/\\\/schema.org\",\"@graph\":[{\"@type\":\"WebPage\",\"@id\":\"https:\\\/\\\/westower.ca\\\/fr\\\/qui-nous-sommes\\\/histoire-mission-valeurs\\\/\",\"url\":\"https:\\\/\\\/westower.ca\\\/fr\\\/qui-nous-sommes\\\/histoire-mission-valeurs\\\/\",\"name\":\"Histoire, Mission et Valeurs - WesTower Communications Communications\",\"isPartOf\":{\"@id\":\"https:\\\/\\\/westower.ca\\\/fr\\\/#website\"},\"datePublished\":\"2020-10-15T21:49:21+00:00\",\"dateModified\":\"2025-07-23T16:21:14+00:00\",\"description\":\"D\u00e9couvrez l\u2019histoire, la mission et les valeurs de WesTower et comment elles nous ont fa\u00e7onn\u00e9s en tant qu\u2019entreprise.\",\"breadcrumb\":{\"@id\":\"https:\\\/\\\/westower.ca\\\/fr\\\/qui-nous-sommes\\\/histoire-mission-valeurs\\\/#breadcrumb\"},\"inLanguage\":\"fr-FR\",\"potentialAction\":[{\"@type\":\"ReadAction\",\"target\":[\"https:\\\/\\\/westower.ca\\\/fr\\\/qui-nous-sommes\\\/histoire-mission-valeurs\\\/\"]}]},{\"@type\":\"BreadcrumbList\",\"@id\":\"https:\\\/\\\/westower.ca\\\/fr\\\/qui-nous-sommes\\\/histoire-mission-valeurs\\\/#breadcrumb\",\"itemListElement\":[{\"@type\":\"ListItem\",\"position\":1,\"name\":\"Home\",\"item\":\"https:\\\/\\\/westower.ca\\\/fr\\\/\"},{\"@type\":\"ListItem\",\"position\":2,\"name\":\"Qui sommes-nous?\",\"item\":\"https:\\\/\\\/westower.ca\\\/fr\\\/qui-nous-sommes\\\/\"},{\"@type\":\"ListItem\",\"position\":3,\"name\":\"Histoire, Mission et Valeurs\"}]},{\"@type\":\"WebSite\",\"@id\":\"https:\\\/\\\/westower.ca\\\/fr\\\/#website\",\"url\":\"https:\\\/\\\/westower.ca\\\/fr\\\/\",\"name\":\"WesTower Communications\",\"description\":\"Integrated, Full-Service Tower Professionals\",\"potentialAction\":[{\"@type\":\"SearchAction\",\"target\":{\"@type\":\"EntryPoint\",\"urlTemplate\":\"https:\\\/\\\/westower.ca\\\/fr\\\/?s={search_term_string}\"},\"query-input\":{\"@type\":\"PropertyValueSpecification\",\"valueRequired\":true,\"valueName\":\"search_term_string\"}}],\"inLanguage\":\"fr-FR\"}]}<\/script>\n<!-- \/ Yoast SEO plugin. -->","yoast_head_json":{"title":"Histoire, Mission et Valeurs - WesTower Communications Communications","description":"D\u00e9couvrez l\u2019histoire, la mission et les valeurs de WesTower et comment elles nous ont fa\u00e7onn\u00e9s en tant qu\u2019entreprise.","robots":{"index":"index","follow":"follow","max-snippet":"max-snippet:-1","max-image-preview":"max-image-preview:large","max-video-preview":"max-video-preview:-1"},"canonical":"https:\/\/westower.ca\/fr\/qui-nous-sommes\/histoire-mission-valeurs\/","og_locale":"fr_FR","og_type":"article","og_title":"Histoire, Mission et Valeurs - WesTower Communications Communications","og_description":"D\u00e9couvrez l\u2019histoire, la mission et les valeurs de WesTower et comment elles nous ont fa\u00e7onn\u00e9s en tant qu\u2019entreprise.","og_url":"https:\/\/westower.ca\/fr\/qui-nous-sommes\/histoire-mission-valeurs\/","og_site_name":"WesTower Communications","article_modified_time":"2025-07-23T16:21:14+00:00","twitter_card":"summary_large_image","schema":{"@context":"https:\/\/schema.org","@graph":[{"@type":"WebPage","@id":"https:\/\/westower.ca\/fr\/qui-nous-sommes\/histoire-mission-valeurs\/","url":"https:\/\/westower.ca\/fr\/qui-nous-sommes\/histoire-mission-valeurs\/","name":"Histoire, Mission et Valeurs - WesTower Communications Communications","isPartOf":{"@id":"https:\/\/westower.ca\/fr\/#website"},"datePublished":"2020-10-15T21:49:21+00:00","dateModified":"2025-07-23T16:21:14+00:00","description":"D\u00e9couvrez l\u2019histoire, la mission et les valeurs de WesTower et comment elles nous ont fa\u00e7onn\u00e9s en tant qu\u2019entreprise.","breadcrumb":{"@id":"https:\/\/westower.ca\/fr\/qui-nous-sommes\/histoire-mission-valeurs\/#breadcrumb"},"inLanguage":"fr-FR","potentialAction":[{"@type":"ReadAction","target":["https:\/\/westower.ca\/fr\/qui-nous-sommes\/histoire-mission-valeurs\/"]}]},{"@type":"BreadcrumbList","@id":"https:\/\/westower.ca\/fr\/qui-nous-sommes\/histoire-mission-valeurs\/#breadcrumb","itemListElement":[{"@type":"ListItem","position":1,"name":"Home","item":"https:\/\/westower.ca\/fr\/"},{"@type":"ListItem","position":2,"name":"Qui sommes-nous?","item":"https:\/\/westower.ca\/fr\/qui-nous-sommes\/"},{"@type":"ListItem","position":3,"name":"Histoire, Mission et Valeurs"}]},{"@type":"WebSite","@id":"https:\/\/westower.ca\/fr\/#website","url":"https:\/\/westower.ca\/fr\/","name":"WesTower Communications","description":"Integrated, Full-Service Tower Professionals","potentialAction":[{"@type":"SearchAction","target":{"@type":"EntryPoint","urlTemplate":"https:\/\/westower.ca\/fr\/?s={search_term_string}"},"query-input":{"@type":"PropertyValueSpecification","valueRequired":true,"valueName":"search_term_string"}}],"inLanguage":"fr-FR"}]}},"_links":{"self":[{"href":"https:\/\/westower.ca\/fr\/wp-json\/wp\/v2\/pages\/1625","targetHints":{"allow":["GET"]}}],"collection":[{"href":"https:\/\/westower.ca\/fr\/wp-json\/wp\/v2\/pages"}],"about":[{"href":"https:\/\/westower.ca\/fr\/wp-json\/wp\/v2\/types\/page"}],"author":[{"embeddable":true,"href":"https:\/\/westower.ca\/fr\/wp-json\/wp\/v2\/users\/1"}],"replies":[{"embeddable":true,"href":"https:\/\/westower.ca\/fr\/wp-json\/wp\/v2\/comments?post=1625"}],"version-history":[{"count":16,"href":"https:\/\/westower.ca\/fr\/wp-json\/wp\/v2\/pages\/1625\/revisions"}],"predecessor-version":[{"id":5283,"href":"https:\/\/westower.ca\/fr\/wp-json\/wp\/v2\/pages\/1625\/revisions\/5283"}],"up":[{"embeddable":true,"href":"https:\/\/westower.ca\/fr\/wp-json\/wp\/v2\/pages\/1608"}],"wp:attachment":[{"href":"https:\/\/westower.ca\/fr\/wp-json\/wp\/v2\/media?parent=1625"}],"curies":[{"name":"wp","href":"https:\/\/api.w.org\/{rel}","templated":true}]}}