{"id":3226,"date":"2021-08-26T13:52:16","date_gmt":"2021-08-26T19:52:16","guid":{"rendered":"https:\/\/westower.ca\/?page_id=3226"},"modified":"2021-08-26T13:52:19","modified_gmt":"2021-08-26T19:52:19","slug":"plan-du-site","status":"publish","type":"page","link":"https:\/\/westower.ca\/fr\/plan-du-site\/","title":{"rendered":"Plan du site"},"content":{"rendered":"<section class=\"one-two-col-block \">\n    <div class=\"container\">\n        <div class=\"row\">\n                <div class=\"col-12 \">\n                    <div id=\"simple-sitemap-container-69e48e337afa8\" class=\"simple-sitemap-container simple-sitemap-container-69e48e337afa8 tab-disabled\"><div class=\"simple-sitemap-wrap\"><h3 class=\"post-type\">Pages<\/h3><ul class=\"simple-sitemap-page main\"><li class=\"sitemap-item page_item page-item-1630\"><a href=\"https:\/\/westower.ca\/fr\/carrieres\/\">Carri\u00e8res<\/a><\/li>\n<li class=\"sitemap-item page_item page-item-1645\"><a href=\"https:\/\/westower.ca\/fr\/contact\/\">Contactez-nous<\/a><\/li>\n<li class=\"sitemap-item page_item page-item-1642\"><a href=\"https:\/\/westower.ca\/fr\/nouvelles\/\">Nouvelles<\/a><\/li>\n<li class=\"sitemap-item page_item page-item-1650\"><a href=\"https:\/\/westower.ca\/fr\/obtenez-un-devis\/\">Obtenez un devis<\/a><\/li>\n<li class=\"sitemap-item page_item page-item-289\"><a href=\"https:\/\/westower.ca\/fr\/\">Page d&#8217;accueil<\/a><\/li>\n<li class=\"sitemap-item page_item page-item-3226\"><a href=\"https:\/\/westower.ca\/fr\/plan-du-site\/\">Plan du site<\/a><\/li>\n<li class=\"sitemap-item page_item page-item-1559\"><a href=\"https:\/\/westower.ca\/fr\/projects\/\">Projets<\/a><\/li>\n<li class=\"sitemap-item page_item page-item-1608 page_item_has_children\"><a href=\"https:\/\/westower.ca\/fr\/qui-nous-sommes\/\">Qui sommes-nous?<\/a>\n<ul class='children'>\n\t<li class=\"sitemap-item page_item page-item-1990\"><a href=\"https:\/\/westower.ca\/fr\/qui-nous-sommes\/cspa\/\">CSPA<\/a><\/li>\n\t<li class=\"sitemap-item page_item page-item-1625\"><a href=\"https:\/\/westower.ca\/fr\/qui-nous-sommes\/histoire-mission-valeurs\/\">Histoire, Mission et Valeurs<\/a><\/li>\n\t<li class=\"sitemap-item page_item page-item-1638\"><a href=\"https:\/\/westower.ca\/fr\/qui-nous-sommes\/notre-equipe\/\">Notre \u00e9quipe<\/a><\/li>\n\t<li class=\"sitemap-item page_item page-item-1620\"><a href=\"https:\/\/westower.ca\/fr\/qui-nous-sommes\/sante-securite\/\">Sant\u00e9 et s\u00e9curit\u00e9<\/a><\/li>\n<\/ul>\n<\/li>\n<li class=\"sitemap-item page_item page-item-1555\"><a href=\"https:\/\/westower.ca\/fr\/services\/\">Services<\/a><\/li>\n<\/ul><\/div><\/div><br style=\"clear: both;\">\n\n                <\/div><!-- .col-12 col-md-6 -->\n\n                    <\/div><!-- .row -->\n    <\/div><!-- .container -->\n<\/section><!-- .one-two-col-block -->\n","protected":false},"excerpt":{"rendered":"","protected":false},"author":1,"featured_media":0,"parent":0,"menu_order":0,"comment_status":"closed","ping_status":"closed","template":"","meta":{"_acf_changed":false,"footnotes":""},"class_list":["post-3226","page","type-page","status-publish","hentry"],"acf":[],"yoast_head":"<!-- This site is optimized with the Yoast SEO plugin v27.4 - https:\/\/yoast.com\/product\/yoast-seo-wordpress\/ -->\n<title>Plan du site - WesTower Communications<\/title>\n<meta name=\"robots\" content=\"index, follow, max-snippet:-1, max-image-preview:large, max-video-preview:-1\" \/>\n<link rel=\"canonical\" href=\"https:\/\/westower.ca\/fr\/plan-du-site\/\" \/>\n<meta property=\"og:locale\" content=\"fr_FR\" \/>\n<meta property=\"og:type\" content=\"article\" \/>\n<meta property=\"og:title\" content=\"Plan du site - WesTower Communications\" \/>\n<meta property=\"og:url\" content=\"https:\/\/westower.ca\/fr\/plan-du-site\/\" \/>\n<meta property=\"og:site_name\" content=\"WesTower Communications\" \/>\n<meta property=\"article:modified_time\" content=\"2021-08-26T19:52:19+00:00\" \/>\n<meta name=\"twitter:card\" content=\"summary_large_image\" \/>\n<script type=\"application\/ld+json\" class=\"yoast-schema-graph\">{\"@context\":\"https:\\\/\\\/schema.org\",\"@graph\":[{\"@type\":\"WebPage\",\"@id\":\"https:\\\/\\\/westower.ca\\\/fr\\\/plan-du-site\\\/\",\"url\":\"https:\\\/\\\/westower.ca\\\/fr\\\/plan-du-site\\\/\",\"name\":\"Plan du site - WesTower Communications\",\"isPartOf\":{\"@id\":\"https:\\\/\\\/westower.ca\\\/fr\\\/#website\"},\"datePublished\":\"2021-08-26T19:52:16+00:00\",\"dateModified\":\"2021-08-26T19:52:19+00:00\",\"breadcrumb\":{\"@id\":\"https:\\\/\\\/westower.ca\\\/fr\\\/plan-du-site\\\/#breadcrumb\"},\"inLanguage\":\"fr-FR\",\"potentialAction\":[{\"@type\":\"ReadAction\",\"target\":[\"https:\\\/\\\/westower.ca\\\/fr\\\/plan-du-site\\\/\"]}]},{\"@type\":\"BreadcrumbList\",\"@id\":\"https:\\\/\\\/westower.ca\\\/fr\\\/plan-du-site\\\/#breadcrumb\",\"itemListElement\":[{\"@type\":\"ListItem\",\"position\":1,\"name\":\"Home\",\"item\":\"https:\\\/\\\/westower.ca\\\/fr\\\/\"},{\"@type\":\"ListItem\",\"position\":2,\"name\":\"Plan du site\"}]},{\"@type\":\"WebSite\",\"@id\":\"https:\\\/\\\/westower.ca\\\/fr\\\/#website\",\"url\":\"https:\\\/\\\/westower.ca\\\/fr\\\/\",\"name\":\"WesTower Communications\",\"description\":\"Integrated, Full-Service Tower Professionals\",\"potentialAction\":[{\"@type\":\"SearchAction\",\"target\":{\"@type\":\"EntryPoint\",\"urlTemplate\":\"https:\\\/\\\/westower.ca\\\/fr\\\/?s={search_term_string}\"},\"query-input\":{\"@type\":\"PropertyValueSpecification\",\"valueRequired\":true,\"valueName\":\"search_term_string\"}}],\"inLanguage\":\"fr-FR\"}]}<\/script>\n<!-- \/ Yoast SEO plugin. -->","yoast_head_json":{"title":"Plan du site - WesTower Communications","robots":{"index":"index","follow":"follow","max-snippet":"max-snippet:-1","max-image-preview":"max-image-preview:large","max-video-preview":"max-video-preview:-1"},"canonical":"https:\/\/westower.ca\/fr\/plan-du-site\/","og_locale":"fr_FR","og_type":"article","og_title":"Plan du site - WesTower Communications","og_url":"https:\/\/westower.ca\/fr\/plan-du-site\/","og_site_name":"WesTower Communications","article_modified_time":"2021-08-26T19:52:19+00:00","twitter_card":"summary_large_image","schema":{"@context":"https:\/\/schema.org","@graph":[{"@type":"WebPage","@id":"https:\/\/westower.ca\/fr\/plan-du-site\/","url":"https:\/\/westower.ca\/fr\/plan-du-site\/","name":"Plan du site - WesTower Communications","isPartOf":{"@id":"https:\/\/westower.ca\/fr\/#website"},"datePublished":"2021-08-26T19:52:16+00:00","dateModified":"2021-08-26T19:52:19+00:00","breadcrumb":{"@id":"https:\/\/westower.ca\/fr\/plan-du-site\/#breadcrumb"},"inLanguage":"fr-FR","potentialAction":[{"@type":"ReadAction","target":["https:\/\/westower.ca\/fr\/plan-du-site\/"]}]},{"@type":"BreadcrumbList","@id":"https:\/\/westower.ca\/fr\/plan-du-site\/#breadcrumb","itemListElement":[{"@type":"ListItem","position":1,"name":"Home","item":"https:\/\/westower.ca\/fr\/"},{"@type":"ListItem","position":2,"name":"Plan du site"}]},{"@type":"WebSite","@id":"https:\/\/westower.ca\/fr\/#website","url":"https:\/\/westower.ca\/fr\/","name":"WesTower Communications","description":"Integrated, Full-Service Tower Professionals","potentialAction":[{"@type":"SearchAction","target":{"@type":"EntryPoint","urlTemplate":"https:\/\/westower.ca\/fr\/?s={search_term_string}"},"query-input":{"@type":"PropertyValueSpecification","valueRequired":true,"valueName":"search_term_string"}}],"inLanguage":"fr-FR"}]}},"_links":{"self":[{"href":"https:\/\/westower.ca\/fr\/wp-json\/wp\/v2\/pages\/3226","targetHints":{"allow":["GET"]}}],"collection":[{"href":"https:\/\/westower.ca\/fr\/wp-json\/wp\/v2\/pages"}],"about":[{"href":"https:\/\/westower.ca\/fr\/wp-json\/wp\/v2\/types\/page"}],"author":[{"embeddable":true,"href":"https:\/\/westower.ca\/fr\/wp-json\/wp\/v2\/users\/1"}],"replies":[{"embeddable":true,"href":"https:\/\/westower.ca\/fr\/wp-json\/wp\/v2\/comments?post=3226"}],"version-history":[{"count":5,"href":"https:\/\/westower.ca\/fr\/wp-json\/wp\/v2\/pages\/3226\/revisions"}],"predecessor-version":[{"id":3294,"href":"https:\/\/westower.ca\/fr\/wp-json\/wp\/v2\/pages\/3226\/revisions\/3294"}],"wp:attachment":[{"href":"https:\/\/westower.ca\/fr\/wp-json\/wp\/v2\/media?parent=3226"}],"curies":[{"name":"wp","href":"https:\/\/api.w.org\/{rel}","templated":true}]}}